{"id":1708,"date":"2022-08-04T10:12:46","date_gmt":"2022-08-04T10:12:46","guid":{"rendered":"https:\/\/www.lacalacalpep.cat\/restaurant-la-cala-cal-pep\/"},"modified":"2025-10-13T10:06:40","modified_gmt":"2025-10-13T10:06:40","slug":"restaurant-la-cala-cal-pep","status":"publish","type":"page","link":"https:\/\/www.lacalacalpep.cat\/es\/","title":{"rendered":"Restaurant La Cala Cal Pep"},"content":{"rendered":"\n<div style=\"height:35px\" aria-hidden=\"true\" class=\"wp-block-spacer\"><\/div>\n\n\n\n<h2 class=\"wp-block-heading has-text-align-center\">Mmmmmejillones, Anxoves de l&#8217;Escala&#8230;<br \/><\/h2>\n\n\n\n<p><\/p>\n\n\n\n<p><\/p>\n\n\n\n<p><\/p>\n\n\n<div class=\"gb-container gb-container-cd418881\"><div class=\"gb-inside-container\">\n<div class=\"gb-grid-wrapper gb-grid-wrapper-99f33366\">\n<div class=\"gb-grid-column gb-grid-column-ffe6fd60\"><div class=\"gb-container gb-container-ffe6fd60\"><div class=\"gb-inside-container\">\n\n<h2 class=\"gb-headline gb-headline-b0071fad gb-headline-text\">VEN A VIVIR #momentscalpep<\/h2>\n\n\n\n<p>En Restaurante La Cala Cal Pep s\u00f3lo hacemos reservas para el primer turno y despu\u00e9s adjudicamos las mesas a medida que quedan vac\u00edas, por orden de llegada y por tipo de mesa.<\/p>\n\n\n\n<p class=\"gb-headline gb-headline-c58757ae gb-headline-text\">Disfruta de nuestra terraza en primera l\u00ednea de mar, ven a Cala Montg\u00f3 y prueba nuestras especialidades.<\/p>\n\n\n\n<p class=\"gb-headline gb-headline-d260814d gb-headline-text\">Truca&#8217;ns: <a href=\"tel:%20621%2023%2017%2020\"><strong>(+34)-&nbsp;<\/strong><\/a><strong><a href=\"https:\/\/www.google.com\/search?q=la+cal+cal+pep&amp;oq=la+cal+cal+pep&amp;aqs=chrome..69i57j69i60l3.2661j0j7&amp;sourceid=chrome&amp;ie=UTF-8#\">621 23 17 20<\/a><\/strong><\/p>\n\n\n\n<p class=\"gb-headline gb-headline-4b853085 gb-headline-text\"><strong>Nos vemos la pr\u00f3xima primavera 2026!<\/strong><\/p>\n\n\n\n<p class=\"gb-headline gb-headline-d5626166 gb-headline-text\"><strong>Muchas gracias por este 2025.<\/strong><\/p>\n\n\n\n<p><\/p>\n\n\n\n<p><\/p>\n\n\n\n<p><br \/><\/p>\n\n\n<div class=\"gb-button-wrapper gb-button-wrapper-205a736f\">\n\n<a class=\"gb-button gb-button-70593923 gb-button-text\" href=\"https:\/\/www.lacalacalpep.cat\/es\/carta-2\/\" target=\"_blank\" rel=\"noopener noreferrer\">MIRA LA CARTA<\/a>\n\n\n\n<a class=\"gb-button gb-button-2c50bb08 gb-button-text\" href=\"https:\/\/www.lacalacalpep.cat\/es\/contacta\/\" target=\"_blank\" rel=\"noopener noreferrer\">CONTACTANOS<\/a>\n\n<\/div>\n<\/div><\/div><\/div>\n\n<div class=\"gb-grid-column gb-grid-column-8f7c6ce2\"><div class=\"gb-container gb-container-8f7c6ce2\"><div class=\"gb-inside-container\">\n\n<iframe src=\"https:\/\/www.google.com\/maps\/embed?pb=!1m14!1m8!1m3!1d11839.823634994553!2d3.1682716!3d42.1084151!3m2!1i1024!2i768!4f13.1!3m3!1m2!1s0x0%3A0x35753198f0bc579c!2sLa%20Cala%20-%20Cal%20Pep!5e0!3m2!1ses!2ses!4v1646844105719!5m2!1ses!2ses\" width=\"450\" height=\"300\" style=\"border:0;\" allowfullscreen=\"\" loading=\"lazy\"><\/iframe>\n\n\n\n<p>DRESS CODE<\/p>\n\n\n\n<p>Procura ir con ropa seca (sobre todo si viene de la playa), y con camiseta y pantal\u00f3n corto, y con un calzado c\u00f3modo y prep\u00e1rate a disfrutar de una buena comida. Despu\u00e9s de ti, alguien ocupar\u00e1 tu sitio, y nos gustar\u00eda que lo encontrara en buenas condiciones, al igual que lo esperas t\u00fa. \u00a1Te lo agradecemos de antemano!<\/p>\n\n<\/div><\/div><\/div>\n<\/div>\n\n\n<div style=\"height:35px\" aria-hidden=\"true\" class=\"wp-block-spacer\"><\/div>\n\n\n<div style=\"min-height: 535px;; \" class=\"ub_image_slider swiper-container wp-block-ub-image-slider\" id=\"ub_image_slider_08808887-ad17-4f86-8139-ffd9dbe71ff0\" data-swiper-data='{\"speed\":300,\"spaceBetween\":20,\"slidesPerView\":1,\"loop\":false,\"pagination\":{\"el\": null , \"type\": \"bullets\", \"clickable\":true},\"navigation\": {\"nextEl\": \".swiper-button-next\", \"prevEl\": \".swiper-button-prev\"}, \"keyboard\": { \"enabled\": true }, \"effect\": \"slide\",\"simulateTouch\":false}'>\n            <div class=\"swiper-wrapper\"><figure class=\"swiper-slide\">\n                <img data-recalc-dims=\"1\" decoding=\"async\" src=\"https:\/\/i0.wp.com\/www.lacalacalpep.cat\/wp-content\/uploads\/2024\/05\/VIEIRA.webp?w=1200&#038;ssl=1\" alt=\"\" style=\"height: 500px;; \">\n                <figcaption class=\"ub_image_slider_image_caption\">Vieira<\/figcaption>\n            <\/figure><figure class=\"swiper-slide\">\n                <img data-recalc-dims=\"1\" decoding=\"async\" src=\"https:\/\/i0.wp.com\/www.lacalacalpep.cat\/wp-content\/uploads\/2024\/05\/BACALLA-FRESC.webp?w=1200&#038;ssl=1\" alt=\"\" style=\"height: 500px;; \">\n                <figcaption class=\"ub_image_slider_image_caption\">Bacall\u00e0 fresc<\/figcaption>\n            <\/figure><figure class=\"swiper-slide\">\n                <img data-recalc-dims=\"1\" decoding=\"async\" src=\"https:\/\/i0.wp.com\/www.lacalacalpep.cat\/wp-content\/uploads\/2024\/05\/SONSOS.webp?w=1200&#038;ssl=1\" alt=\"\" style=\"height: 500px;; \">\n                <figcaption class=\"ub_image_slider_image_caption\">Sonsos<\/figcaption>\n            <\/figure><figure class=\"swiper-slide\">\n                <img data-recalc-dims=\"1\" decoding=\"async\" src=\"https:\/\/i0.wp.com\/www.lacalacalpep.cat\/wp-content\/uploads\/2024\/05\/Musclos.webp?w=1200&#038;ssl=1\" alt=\"\" style=\"height: 500px;; \">\n                <figcaption class=\"ub_image_slider_image_caption\">Musclos<\/figcaption>\n            <\/figure><figure class=\"swiper-slide\">\n                <img data-recalc-dims=\"1\" decoding=\"async\" src=\"https:\/\/i0.wp.com\/www.lacalacalpep.cat\/wp-content\/uploads\/2024\/05\/SARDINES-DEL-CURRU.webp?w=1200&#038;ssl=1\" alt=\"\" style=\"height: 500px;; \">\n                <figcaption class=\"ub_image_slider_image_caption\">Sardines del Curru<\/figcaption>\n            <\/figure><figure class=\"swiper-slide\">\n                <img data-recalc-dims=\"1\" decoding=\"async\" src=\"https:\/\/i0.wp.com\/www.lacalacalpep.cat\/wp-content\/uploads\/2024\/05\/FIDEUADA.webp?w=1200&#038;ssl=1\" alt=\"\" style=\"height: 500px;; \">\n                <figcaption class=\"ub_image_slider_image_caption\">Fideuada<\/figcaption>\n            <\/figure><figure class=\"swiper-slide\">\n                <img data-recalc-dims=\"1\" decoding=\"async\" src=\"https:\/\/i0.wp.com\/www.lacalacalpep.cat\/wp-content\/uploads\/2022\/08\/PXL_20210330_141154306.jpg?w=1200&#038;ssl=1\" alt=\"\" style=\"height: 500px;; \">\n                <figcaption class=\"ub_image_slider_image_caption\"><\/figcaption>\n            <\/figure><figure class=\"swiper-slide\">\n                <img data-recalc-dims=\"1\" decoding=\"async\" src=\"https:\/\/i0.wp.com\/www.lacalacalpep.cat\/wp-content\/uploads\/2022\/08\/PXL_20220422_113811051.jpg?w=1200&#038;ssl=1\" alt=\"\" style=\"height: 500px;; \">\n                <figcaption class=\"ub_image_slider_image_caption\"><\/figcaption>\n            <\/figure><figure class=\"swiper-slide\">\n                <img data-recalc-dims=\"1\" decoding=\"async\" src=\"https:\/\/i0.wp.com\/www.lacalacalpep.cat\/wp-content\/uploads\/2024\/05\/VISTES-A-CALA-MONTGO-.webp?w=1200&#038;ssl=1\" alt=\"\" style=\"height: 500px;; \">\n                <figcaption class=\"ub_image_slider_image_caption\"><\/figcaption>\n            <\/figure><\/div>\n            <div class=\"swiper-pagination\"><\/div>\n            <div class=\"swiper-button-prev\"><\/div> <div class=\"swiper-button-next\"><\/div>\n        <\/div>\n<\/div><\/div>\n\n\n<p><\/p>\n\n\n<div class=\"gb-container gb-container-8198298a\"><div class=\"gb-inside-container\">\n\n<h2 class=\"gb-headline gb-headline-5f1b4fe6 gb-headline-text\">SOBRE CALA MONTG\u00d3<\/h2>\n\n\n\n<p class=\"has-contrast-color has-text-color\" style=\"font-size:18px;font-style:normal;font-weight:700\">Desde tiempos inmemoriales, los pescadores de L&#8217;Escala cuentan por las calas de la Costa Brava durante el verano para pescar y vender pescado en los mercados m\u00e1s cercanos. Cala Montg\u00f3 era uno de los lugares habituales de acampada\u2026<\/p>\n\n\n\n<p class=\"has-text-align-center has-contrast-color has-text-color\" style=\"font-size:16px;font-style:normal;font-weight:700\">LA CALA CAL PEP<\/p>\n\n\n\n<p class=\"has-contrast-color has-text-color\" style=\"font-style:normal;font-weight:700\">La Cala \u00abCal Pep\u00bb es un bar, restaurante y pizzer\u00eda de cocina mediterr\u00e1nea. Especializados en paella, la fideuada, las anchoas de l&#8217;Escala, los mejillones al estilo Cal Pep y las sardinas de &#8216;Curru&#8217;. Todo ello acompa\u00f1ado de una gran selecci\u00f3n de vinos de la DO Empord\u00e0. En un lugar de privilegio, en medio de Cala Montg\u00f3, en el Parque Natural del Montgr\u00ed, las Islas Medas y el Baix Ter y uno de los lugares m\u00e1s caracter\u00edsticos de la Costa Brava.<\/p>\n\n<\/div><\/div>\n\n\n<p><\/p>\n","protected":false},"excerpt":{"rendered":"<p>Mmmmmejillones, Anxoves de l&#8217;Escala&#8230; SOBRE CALA MONTG\u00d3 Desde tiempos inmemoriales, los pescadores de L&#8217;Escala cuentan por las calas de la Costa Brava durante el verano para pescar y vender pescado en los mercados m\u00e1s cercanos. Cala Montg\u00f3 era uno de los lugares habituales de acampada\u2026 LA CALA CAL PEP La Cala \u00abCal Pep\u00bb es un &#8230; <a title=\"Restaurant La Cala Cal Pep\" class=\"read-more\" href=\"https:\/\/www.lacalacalpep.cat\/es\/\" aria-label=\"Leer m\u00e1s sobre Restaurant La Cala Cal Pep\">Leer m\u00e1s<\/a><\/p>\n","protected":false},"author":1,"featured_media":0,"parent":0,"menu_order":0,"comment_status":"closed","ping_status":"closed","template":"","meta":{"_uag_custom_page_level_css":"","_themeisle_gutenberg_block_has_review":false,"footnotes":""},"class_list":["post-1708","page","type-page","status-publish"],"featured_image_src":null,"uagb_featured_image_src":{"full":false,"thumbnail":false,"medium":false,"medium_large":false,"large":false,"1536x1536":false,"2048x2048":false},"uagb_author_info":{"display_name":"lacalacalpep","author_link":"https:\/\/www.lacalacalpep.cat\/es\/author\/lacalacalpep\/"},"uagb_comment_info":0,"uagb_excerpt":"Mmmmmejillones, Anxoves de l&#8217;Escala&#8230; SOBRE CALA MONTG\u00d3 Desde tiempos inmemoriales, los pescadores de L&#8217;Escala cuentan por las calas de la Costa Brava durante el verano para pescar y vender pescado en los mercados m\u00e1s cercanos. Cala Montg\u00f3 era uno de los lugares habituales de acampada\u2026 LA CALA CAL PEP La Cala \u00abCal Pep\u00bb es un&hellip;","jetpack_sharing_enabled":true,"_links":{"self":[{"href":"https:\/\/www.lacalacalpep.cat\/es\/wp-json\/wp\/v2\/pages\/1708","targetHints":{"allow":["GET"]}}],"collection":[{"href":"https:\/\/www.lacalacalpep.cat\/es\/wp-json\/wp\/v2\/pages"}],"about":[{"href":"https:\/\/www.lacalacalpep.cat\/es\/wp-json\/wp\/v2\/types\/page"}],"author":[{"embeddable":true,"href":"https:\/\/www.lacalacalpep.cat\/es\/wp-json\/wp\/v2\/users\/1"}],"replies":[{"embeddable":true,"href":"https:\/\/www.lacalacalpep.cat\/es\/wp-json\/wp\/v2\/comments?post=1708"}],"version-history":[{"count":40,"href":"https:\/\/www.lacalacalpep.cat\/es\/wp-json\/wp\/v2\/pages\/1708\/revisions"}],"predecessor-version":[{"id":2112,"href":"https:\/\/www.lacalacalpep.cat\/es\/wp-json\/wp\/v2\/pages\/1708\/revisions\/2112"}],"wp:attachment":[{"href":"https:\/\/www.lacalacalpep.cat\/es\/wp-json\/wp\/v2\/media?parent=1708"}],"curies":[{"name":"wp","href":"https:\/\/api.w.org\/{rel}","templated":true}]}}