{"id":1722,"date":"2022-08-04T12:06:33","date_gmt":"2022-08-04T12:06:33","guid":{"rendered":"https:\/\/www.lacalacalpep.cat\/contactez\/"},"modified":"2023-01-16T10:55:12","modified_gmt":"2023-01-16T10:55:12","slug":"contactez","status":"publish","type":"page","link":"https:\/\/www.lacalacalpep.cat\/fr\/contactez\/","title":{"rendered":"CONTACTEZ"},"content":{"rendered":"\n<p class=\"has-text-align-left\">Whats App <span style=\"color: #ffffff;\"><a style=\"color: #0000ff;\" href=\"tel:+34621231720\">621 231 720 <\/a><\/span> <\/p>\n\n\n\n<p class=\"has-text-align-left\">Chez La Cala Cal Pep <strong>nous ne prenons des r\u00e9servations que pour le premier quart de travail, et que, par la suite, tant qu&rsquo;il reste des tables libres, nous vous placerons<\/strong>. Nous essayons toujours de respecter l&rsquo;ordre de r\u00e9servation, mais il peut arriver que si une table de 2 se lib\u00e8re, nous l&rsquo;attribuons \u00e0 une r\u00e9servation du m\u00eame format, et ainsi de suite.<\/p>\n\n\n\n<div style=\"height:35px\" aria-hidden=\"true\" class=\"wp-block-spacer\"><\/div>\n\n\n\n<h2 class=\"wp-block-heading\">\u00c9crivez-nous un message, nous vous r\u00e9pondrons dans les plus brefs d\u00e9lais<\/h2>\n","protected":false},"excerpt":{"rendered":"<p>Whats App 621 231 720 Chez La Cala Cal Pep nous ne prenons des r\u00e9servations que pour le premier quart de travail, et que, par la suite, tant qu&rsquo;il reste des tables libres, nous vous placerons. Nous essayons toujours de respecter l&rsquo;ordre de r\u00e9servation, mais il peut arriver que si une table de 2 se &#8230; <a title=\"CONTACTEZ\" class=\"read-more\" href=\"https:\/\/www.lacalacalpep.cat\/fr\/contactez\/\" aria-label=\"En savoir plus sur CONTACTEZ\">Lire plus<\/a><\/p>\n","protected":false},"author":1,"featured_media":0,"parent":0,"menu_order":0,"comment_status":"closed","ping_status":"closed","template":"","meta":{"_uag_custom_page_level_css":"","_themeisle_gutenberg_block_has_review":false,"footnotes":""},"class_list":["post-1722","page","type-page","status-publish"],"featured_image_src":null,"uagb_featured_image_src":{"full":false,"thumbnail":false,"medium":false,"medium_large":false,"large":false,"1536x1536":false,"2048x2048":false},"uagb_author_info":{"display_name":"lacalacalpep","author_link":"https:\/\/www.lacalacalpep.cat\/fr\/author\/lacalacalpep\/"},"uagb_comment_info":0,"uagb_excerpt":"Whats App 621 231 720 Chez La Cala Cal Pep nous ne prenons des r\u00e9servations que pour le premier quart de travail, et que, par la suite, tant qu&rsquo;il reste des tables libres, nous vous placerons. Nous essayons toujours de respecter l&rsquo;ordre de r\u00e9servation, mais il peut arriver que si une table de 2 se\u2026","jetpack_sharing_enabled":true,"_links":{"self":[{"href":"https:\/\/www.lacalacalpep.cat\/fr\/wp-json\/wp\/v2\/pages\/1722","targetHints":{"allow":["GET"]}}],"collection":[{"href":"https:\/\/www.lacalacalpep.cat\/fr\/wp-json\/wp\/v2\/pages"}],"about":[{"href":"https:\/\/www.lacalacalpep.cat\/fr\/wp-json\/wp\/v2\/types\/page"}],"author":[{"embeddable":true,"href":"https:\/\/www.lacalacalpep.cat\/fr\/wp-json\/wp\/v2\/users\/1"}],"replies":[{"embeddable":true,"href":"https:\/\/www.lacalacalpep.cat\/fr\/wp-json\/wp\/v2\/comments?post=1722"}],"version-history":[{"count":2,"href":"https:\/\/www.lacalacalpep.cat\/fr\/wp-json\/wp\/v2\/pages\/1722\/revisions"}],"predecessor-version":[{"id":1783,"href":"https:\/\/www.lacalacalpep.cat\/fr\/wp-json\/wp\/v2\/pages\/1722\/revisions\/1783"}],"wp:attachment":[{"href":"https:\/\/www.lacalacalpep.cat\/fr\/wp-json\/wp\/v2\/media?parent=1722"}],"curies":[{"name":"wp","href":"https:\/\/api.w.org\/{rel}","templated":true}]}}